{"id":6,"date":"2024-10-23T21:13:16","date_gmt":"2024-10-23T21:13:16","guid":{"rendered":"https:\/\/www.cdleidyba.lt\/?page_id=6"},"modified":"2026-02-21T14:36:39","modified_gmt":"2026-02-21T14:36:39","slug":"home","status":"publish","type":"page","link":"https:\/\/www.cdleidyba.lt\/","title":{"rendered":"Pagrindinis"},"content":{"rendered":"\r\n\r\n\r\n\r\n\r\n\r\n\r\n\r\n\r\n\r\n\r\n\r\n\r\n\r\n\r\n\r\n\r\n\r\n\r\n\r\n\r\n<p data-start=\"61\" data-end=\"356\">Softline LT turi daugiau nei 15 met\u0173 patirties CD ir DVD dauginimo srityje. Klientams si\u016blome individualius spaudos ir pakuo\u010di\u0173 sprendimus. Tvarkome visk\u0105 \u2013 nuo ma\u017e\u0173, greitai \u012fgyvendinam\u0173 u\u017esakym\u0173 iki didel\u0117s apimties projekt\u0173 su siuntimo ir u\u017esakym\u0173 vykdymo paslaugomis klientams visoje \u0161alyje.<\/p>\r\n<p data-start=\"358\" data-end=\"534\">Nesvarbu, ar pirm\u0105 kart\u0105 u\u017esakote diskus, ar esate didel\u0117 \u012fmon\u0117 \u2013 kiekvienam u\u017esakymui skiriame i\u0161skirtin\u012f d\u0117mes\u012f kokybei ir klient\u0173 aptarnavimui.<\/p>\r\n<p data-start=\"536\" data-end=\"821\">Tur\u0117dami gero de\u0161imtme\u010dio patirt\u012f ir \u0161imtus\u00a0 \u012fvykdyt\u0173 u\u017esakym\u0173, galite pasitik\u0117ti m\u016bs\u0173 individualiu klient\u0173 aptarnavimu ir auk\u0161ta spaudos kokybe.<\/p>\r\n<p data-start=\"536\" data-end=\"821\">Susisiekite su mumis jau \u0161iandien telefonu +370 684 94541 arba pateikite u\u017eklaus\u0105 nemokamam individualiam pasi\u016blymui.<\/p>\r\n<p data-start=\"536\" data-end=\"821\">\u00a0<\/p>\r\n<p data-start=\"536\" data-end=\"821\">Softline LT 2009 &#8211; 2027 el. pa\u0161tas: info@softline.lt<\/p>","protected":false},"excerpt":{"rendered":"<p>Softline LT turi daugiau nei 15 met\u0173 patirties CD ir DVD dauginimo srityje. Klientams si\u016blome individualius spaudos ir pakuo\u010di\u0173 sprendimus. Tvarkome visk\u0105 \u2013 nuo ma\u017e\u0173, greitai \u012fgyvendinam\u0173 u\u017esakym\u0173 iki didel\u0117s apimties projekt\u0173 su siuntimo ir u\u017esakym\u0173 vykdymo paslaugomis klientams visoje \u0161alyje. Nesvarbu, ar pirm\u0105 kart\u0105 u\u017esakote diskus, ar esate didel\u0117 \u012fmon\u0117 \u2013 kiekvienam u\u017esakymui skiriame <a class=\"read-more\" href=\"https:\/\/www.cdleidyba.lt\/\">READ MORE<\/a><\/p>\n","protected":false},"author":1,"featured_media":0,"parent":0,"menu_order":0,"comment_status":"closed","ping_status":"closed","template":"","meta":{"footnotes":""},"class_list":["post-6","page","type-page","status-publish","hentry"],"_links":{"self":[{"href":"https:\/\/www.cdleidyba.lt\/index.php?rest_route=\/wp\/v2\/pages\/6","targetHints":{"allow":["GET"]}}],"collection":[{"href":"https:\/\/www.cdleidyba.lt\/index.php?rest_route=\/wp\/v2\/pages"}],"about":[{"href":"https:\/\/www.cdleidyba.lt\/index.php?rest_route=\/wp\/v2\/types\/page"}],"author":[{"embeddable":true,"href":"https:\/\/www.cdleidyba.lt\/index.php?rest_route=\/wp\/v2\/users\/1"}],"replies":[{"embeddable":true,"href":"https:\/\/www.cdleidyba.lt\/index.php?rest_route=%2Fwp%2Fv2%2Fcomments&post=6"}],"version-history":[{"count":4,"href":"https:\/\/www.cdleidyba.lt\/index.php?rest_route=\/wp\/v2\/pages\/6\/revisions"}],"predecessor-version":[{"id":140,"href":"https:\/\/www.cdleidyba.lt\/index.php?rest_route=\/wp\/v2\/pages\/6\/revisions\/140"}],"wp:attachment":[{"href":"https:\/\/www.cdleidyba.lt\/index.php?rest_route=%2Fwp%2Fv2%2Fmedia&parent=6"}],"curies":[{"name":"wp","href":"https:\/\/api.w.org\/{rel}","templated":true}]}}