{"id":8,"date":"2024-10-23T21:13:16","date_gmt":"2024-10-23T21:13:16","guid":{"rendered":"https:\/\/www.cdleidyba.lt\/?page_id=8"},"modified":"2024-11-18T23:19:21","modified_gmt":"2024-11-18T23:19:21","slug":"services","status":"publish","type":"page","link":"https:\/\/www.cdleidyba.lt\/?page_id=8","title":{"rendered":"Paslaugos"},"content":{"rendered":"\r\n\r\n\r\n<h4>Mes si\u016blome \u0161ias paslaugas:<\/h4>\r\n<p>CD, DVD disko dizaino k\u016brimas<\/p>\r\n<p>CD, DVD disko pakuot\u0117s dizaino k\u016brimas<\/p>\r\n<p>CD, DVD \u012fra\u0161ymas ir dauginimas<\/p>\r\n<p>Spauda ant CD ir DVD disk\u0173<\/p>\r\n<p>Klasikini\u0173 disk\u0173 pakuot\u0117s spauda<\/p>\r\n<p>CD, DVD disk\u0173, pakuot\u0117s surinkimo ir pilno supakavimo paslaugos<\/p>","protected":false},"excerpt":{"rendered":"<p>Mes si\u016blome \u0161ias paslaugas: CD, DVD disko dizaino k\u016brimas CD, DVD disko pakuot\u0117s dizaino k\u016brimas CD, DVD \u012fra\u0161ymas ir dauginimas Spauda ant CD ir DVD disk\u0173 Klasikini\u0173 disk\u0173 pakuot\u0117s spauda CD, DVD disk\u0173, pakuot\u0117s surinkimo ir pilno supakavimo paslaugos<\/p>\n","protected":false},"author":1,"featured_media":0,"parent":0,"menu_order":0,"comment_status":"closed","ping_status":"closed","template":"","meta":{"footnotes":""},"class_list":["post-8","page","type-page","status-publish","hentry"],"_links":{"self":[{"href":"https:\/\/www.cdleidyba.lt\/index.php?rest_route=\/wp\/v2\/pages\/8","targetHints":{"allow":["GET"]}}],"collection":[{"href":"https:\/\/www.cdleidyba.lt\/index.php?rest_route=\/wp\/v2\/pages"}],"about":[{"href":"https:\/\/www.cdleidyba.lt\/index.php?rest_route=\/wp\/v2\/types\/page"}],"author":[{"embeddable":true,"href":"https:\/\/www.cdleidyba.lt\/index.php?rest_route=\/wp\/v2\/users\/1"}],"replies":[{"embeddable":true,"href":"https:\/\/www.cdleidyba.lt\/index.php?rest_route=%2Fwp%2Fv2%2Fcomments&post=8"}],"version-history":[{"count":4,"href":"https:\/\/www.cdleidyba.lt\/index.php?rest_route=\/wp\/v2\/pages\/8\/revisions"}],"predecessor-version":[{"id":43,"href":"https:\/\/www.cdleidyba.lt\/index.php?rest_route=\/wp\/v2\/pages\/8\/revisions\/43"}],"wp:attachment":[{"href":"https:\/\/www.cdleidyba.lt\/index.php?rest_route=%2Fwp%2Fv2%2Fmedia&parent=8"}],"curies":[{"name":"wp","href":"https:\/\/api.w.org\/{rel}","templated":true}]}}